{"id":87,"date":"2016-01-16T07:07:30","date_gmt":"2016-01-16T06:07:30","guid":{"rendered":"http:\/\/komiks.krzysiu.net\/?page_id=87"},"modified":"2016-01-16T08:18:25","modified_gmt":"2016-01-16T07:18:25","slug":"lista-wszystkich-komiksow","status":"publish","type":"page","link":"https:\/\/krzysiu.net\/komiks\/lista-wszystkich-komiksow\/","title":{"rendered":"Lista wszystkich komiks\u00f3w"},"content":{"rendered":"<h3 class=\"year-title\">2018<\/h3><table class=\"month-table\"><tr><td class=\"archive-date\">mar 23<\/td><td class=\"archive-title\"><a href=\"https:\/\/krzysiu.net\/komiks\/komiksy\/dlaczego-jeszcze-nie-ma-wiosny\/\" rel=\"bookmark\" title=\"Dlaczego jeszcze nie ma wiosny?\">Dlaczego jeszcze nie ma wiosny?<\/a><\/td><\/tr><\/table><h3 class=\"year-title\">2017<\/h3><table class=\"month-table\"><tr><td class=\"archive-date\">kwi 13<\/td><td class=\"archive-title\"><a href=\"https:\/\/krzysiu.net\/komiks\/komiksy\/prawo-wymaga-konstruktywnej-krytyki-art-33-3-uprd\/\" rel=\"bookmark\" title=\"Prawo wymaga konstruktywnej krytyki &#8211; art. 33. 3. uprd\">Prawo wymaga konstruktywnej krytyki &#8211; art. 33. 3. uprd<\/a><\/td><\/tr><tr><td class=\"archive-date\">sty 17<\/td><td class=\"archive-title\"><a href=\"https:\/\/krzysiu.net\/komiks\/komiksy\/sekret-jerozolimy\/\" rel=\"bookmark\" title=\"Sekret Jerozolimy\">Sekret Jerozolimy<\/a><\/td><\/tr><tr><td class=\"archive-date\">sty 5<\/td><td class=\"archive-title\"><a href=\"https:\/\/krzysiu.net\/komiks\/komiksy\/fortuna-jajem-sie-toczy\/\" rel=\"bookmark\" title=\"Fortuna jajem si\u0119 toczy\">Fortuna jajem si\u0119 toczy<\/a><\/td><\/tr><\/table><h3 class=\"year-title\">2016<\/h3><table class=\"month-table\"><tr><td class=\"archive-date\">gru 28<\/td><td class=\"archive-title\"><a href=\"https:\/\/krzysiu.net\/komiks\/komiksy\/swiateczny-slownik-slaski-elwer\/\" rel=\"bookmark\" title=\"\u015awi\u0105teczny s\u0142ownik \u015bl\u0105ski &#8211; elwer\">\u015awi\u0105teczny s\u0142ownik \u015bl\u0105ski &#8211; elwer<\/a><\/td><\/tr><tr><td class=\"archive-date\">gru 18<\/td><td class=\"archive-title\"><a href=\"https:\/\/krzysiu.net\/komiks\/komiksy\/paradoks-kota-z-kromka-posmarowana-maslem\/\" rel=\"bookmark\" title=\"Paradoks kota z kromk\u0105 posmarowan\u0105 mas\u0142em\">Paradoks kota z kromk\u0105 posmarowan\u0105 mas\u0142em<\/a><\/td><\/tr><tr><td class=\"archive-date\">wrz 25<\/td><td class=\"archive-title\"><a href=\"https:\/\/krzysiu.net\/komiks\/komiksy\/krzysiu-i-misiu-zderzenie-z-rzeczywistoscia\/\" rel=\"bookmark\" title=\"Krzysiu i misiu &#8211; zderzenie z rzeczywisto\u015bci\u0105\">Krzysiu i misiu &#8211; zderzenie z rzeczywisto\u015bci\u0105<\/a><\/td><\/tr><tr><td class=\"archive-date\">wrz 16<\/td><td class=\"archive-title\"><a href=\"https:\/\/krzysiu.net\/komiks\/komiksy\/pudelko-z-ruszajacymi-sie-obrazkami\/\" rel=\"bookmark\" title=\"Pude\u0142ko z ruszaj\u0105cymi si\u0119 obrazkami\">Pude\u0142ko z ruszaj\u0105cymi si\u0119 obrazkami<\/a><\/td><\/tr><\/table><h3 class=\"year-title\">2015<\/h3><table class=\"month-table\"><tr><td class=\"archive-date\">wrz 16<\/td><td class=\"archive-title\"><a href=\"https:\/\/krzysiu.net\/komiks\/komiksy\/czym-jechac-na-zakupy\/\" rel=\"bookmark\" title=\"Czym jecha\u0107 na zakupy?\">Czym jecha\u0107 na zakupy?<\/a><\/td><\/tr><tr><td class=\"archive-date\">maj 27<\/td><td class=\"archive-title\"><a href=\"https:\/\/krzysiu.net\/komiks\/komiksy\/czy-czujesz-sie-obserwowany\/\" rel=\"bookmark\" title=\"Czy czujesz si\u0119 obserwowany?\">Czy czujesz si\u0119 obserwowany?<\/a><\/td><\/tr><tr><td class=\"archive-date\">lut 1<\/td><td class=\"archive-title\"><a href=\"https:\/\/krzysiu.net\/komiks\/komiksy\/trojkat-na-swieta\/\" rel=\"bookmark\" title=\"Tr\u00f3jk\u0105t na \u015bwi\u0119ta\">Tr\u00f3jk\u0105t na \u015bwi\u0119ta<\/a><\/td><\/tr><\/table><h3 class=\"year-title\">2014<\/h3><table class=\"month-table\"><tr><td class=\"archive-date\">wrz 20<\/td><td class=\"archive-title\"><a href=\"https:\/\/krzysiu.net\/komiks\/komiksy\/jaka-jest-najlepsza-muzyka-dla-konia\/\" rel=\"bookmark\" title=\"Jaka jest najlepsza muzyka dla konia?\">Jaka jest najlepsza muzyka dla konia?<\/a><\/td><\/tr><tr><td class=\"archive-date\">sie 15<\/td><td class=\"archive-title\"><a href=\"https:\/\/krzysiu.net\/komiks\/komiksy\/nie-kradnij-drzewa-z-lasu-komiks\/\" rel=\"bookmark\" title=\"Nie kradnij drzewa z lasu \u2013 komiks\">Nie kradnij drzewa z lasu \u2013 komiks<\/a><\/td><\/tr><tr><td class=\"archive-date\">lip 22<\/td><td class=\"archive-title\"><a href=\"https:\/\/krzysiu.net\/komiks\/komiksy\/zlituj-sie-czyli-komiks-farmaceutyczny\/\" rel=\"bookmark\" title=\"Zlituj si\u0119, czyli komiks farmaceutyczny\">Zlituj si\u0119, czyli komiks farmaceutyczny<\/a><\/td><\/tr><tr><td class=\"archive-date\">lip 22<\/td><td class=\"archive-title\"><a href=\"https:\/\/krzysiu.net\/komiks\/komiksy\/z-kamera-na-ogrodkach-dzialkowych\/\" rel=\"bookmark\" title=\"Z kamer\u0105 na ogr\u00f3dkach dzia\u0142kowych\">Z kamer\u0105 na ogr\u00f3dkach dzia\u0142kowych<\/a><\/td><\/tr><tr><td class=\"archive-date\">kwi 25<\/td><td class=\"archive-title\"><a href=\"https:\/\/krzysiu.net\/komiks\/komiksy\/dlaczego-kurczak-placze\/\" rel=\"bookmark\" title=\"Dlaczego kurczak p\u0142acze?\">Dlaczego kurczak p\u0142acze?<\/a><\/td><\/tr><tr><td class=\"archive-date\">lut 6<\/td><td class=\"archive-title\"><a href=\"https:\/\/krzysiu.net\/komiks\/komiksy\/interakcje-moga-zagrozic-zyciu-i-zdrowiu\/\" rel=\"bookmark\" title=\"Interakcje mog\u0105 zagrozi\u0107 \u017cyciu i zdrowiu!\">Interakcje mog\u0105 zagrozi\u0107 \u017cyciu i zdrowiu!<\/a><\/td><\/tr><tr><td class=\"archive-date\">sty 30<\/td><td class=\"archive-title\"><a href=\"https:\/\/krzysiu.net\/komiks\/komiksy\/wedkarsko-policyjny\/\" rel=\"bookmark\" title=\"W\u0119dkarsko-policyjny\">W\u0119dkarsko-policyjny<\/a><\/td><\/tr><tr><td class=\"archive-date\">sty 16<\/td><td class=\"archive-title\"><a href=\"https:\/\/krzysiu.net\/komiks\/komiksy\/unia-europejska-a-zarowki\/\" rel=\"bookmark\" title=\"Unia Europejska, a \u017car\u00f3wki\">Unia Europejska, a \u017car\u00f3wki<\/a><\/td><\/tr><\/table><h3 class=\"year-title\">2013<\/h3><table class=\"month-table\"><tr><td class=\"archive-date\">gru 29<\/td><td class=\"archive-title\"><a href=\"https:\/\/krzysiu.net\/komiks\/komiksy\/o-tym-jak-slon-poszukiwal-szczescia\/\" rel=\"bookmark\" title=\"O tym jak s\u0142o\u0144 poszukiwa\u0142 szcz\u0119\u015bcia\">O tym jak s\u0142o\u0144 poszukiwa\u0142 szcz\u0119\u015bcia<\/a><\/td><\/tr><tr><td class=\"archive-date\">wrz 20<\/td><td class=\"archive-title\"><a href=\"https:\/\/krzysiu.net\/komiks\/komiksy\/ukryte-znaczenie-slowa-slonce\/\" rel=\"bookmark\" title=\"Ukryte znaczenie s\u0142owa &#8222;s\u0142o\u0144ce&#8221;\">Ukryte znaczenie s\u0142owa &#8222;s\u0142o\u0144ce&#8221;<\/a><\/td><\/tr><tr><td class=\"archive-date\">sie 29<\/td><td class=\"archive-title\"><a href=\"https:\/\/krzysiu.net\/komiks\/komiksy\/masa-krowkowa-krowka-masowa\/\" rel=\"bookmark\" title=\"Masa kr\u00f3wkowa \u2013 kr\u00f3wka masowa\">Masa kr\u00f3wkowa \u2013 kr\u00f3wka masowa<\/a><\/td><\/tr><tr><td class=\"archive-date\">maj 16<\/td><td class=\"archive-title\"><a href=\"https:\/\/krzysiu.net\/komiks\/komiksy\/przemoc-w-arabskich-rodzinach\/\" rel=\"bookmark\" title=\"Przemoc w arabskich rodzinach\">Przemoc w arabskich rodzinach<\/a><\/td><\/tr><tr><td class=\"archive-date\">mar 7<\/td><td class=\"archive-title\"><a href=\"https:\/\/krzysiu.net\/komiks\/komiksy\/jak-roman-stworzyl-diabelski-dom\/\" rel=\"bookmark\" title=\"Jak Roman stworzy\u0142 Diabelski Dom\">Jak Roman stworzy\u0142 Diabelski Dom<\/a><\/td><\/tr><\/table><h3 class=\"year-title\">2012<\/h3><table class=\"month-table\"><tr><td class=\"archive-date\">lis 30<\/td><td class=\"archive-title\"><a href=\"https:\/\/krzysiu.net\/komiks\/komiksy\/szparagi-ciete\/\" rel=\"bookmark\" title=\"Szparagi ci\u0119te\">Szparagi ci\u0119te<\/a><\/td><\/tr><tr><td class=\"archive-date\">wrz 9<\/td><td class=\"archive-title\"><a href=\"https:\/\/krzysiu.net\/komiks\/komiksy\/do-your-wurst\/\" rel=\"bookmark\" title=\"Do your wurst\">Do your wurst<\/a><\/td><\/tr><\/table><h3 class=\"year-title\">2011<\/h3><table class=\"month-table\"><tr><td class=\"archive-date\">gru 14<\/td><td class=\"archive-title\"><a href=\"https:\/\/krzysiu.net\/komiks\/komiksy\/mozesz-na-mnie-liczyc\/\" rel=\"bookmark\" title=\"Mo\u017cesz na mnie liczy\u0107!\">Mo\u017cesz na mnie liczy\u0107!<\/a><\/td><\/tr><tr><td class=\"archive-date\">sie 3<\/td><td class=\"archive-title\"><a href=\"https:\/\/krzysiu.net\/komiks\/komiksy\/atak-serca\/\" rel=\"bookmark\" title=\"Atak serca\">Atak serca<\/a><\/td><\/tr><tr><td class=\"archive-date\">cze 1<\/td><td class=\"archive-title\"><a href=\"https:\/\/krzysiu.net\/komiks\/komiksy\/powalone-drzewa\/\" rel=\"bookmark\" title=\"Powalone drzewa\">Powalone drzewa<\/a><\/td><\/tr><tr><td class=\"archive-date\">maj 18<\/td><td class=\"archive-title\"><a href=\"https:\/\/krzysiu.net\/komiks\/komiksy\/jasny-szlag\/\" rel=\"bookmark\" title=\"Jasny szlag!\">Jasny szlag!<\/a><\/td><\/tr><tr><td class=\"archive-date\">mar 12<\/td><td class=\"archive-title\"><a href=\"https:\/\/krzysiu.net\/komiks\/komiksy\/jak-mlody-buk\/\" rel=\"bookmark\" title=\"Jak m\u0142ody buk\">Jak m\u0142ody buk<\/a><\/td><\/tr><tr><td class=\"archive-date\">lut 5<\/td><td class=\"archive-title\"><a href=\"https:\/\/krzysiu.net\/komiks\/komiksy\/problem-polskiego-autobusu\/\" rel=\"bookmark\" title=\"Problem polskiego autobusu\">Problem polskiego autobusu<\/a><\/td><\/tr><\/table>\n","protected":false},"excerpt":{"rendered":"","protected":false},"author":1,"featured_media":0,"parent":0,"menu_order":0,"comment_status":"closed","ping_status":"closed","template":"","meta":{"inline_featured_image":false,"footnotes":""},"class_list":["post-87","page","type-page","status-publish","hentry","uentry","postonpage-1","odd","post-author-krzysiu"],"_links":{"self":[{"href":"https:\/\/krzysiu.net\/komiks\/wp-json\/wp\/v2\/pages\/87","targetHints":{"allow":["GET"]}}],"collection":[{"href":"https:\/\/krzysiu.net\/komiks\/wp-json\/wp\/v2\/pages"}],"about":[{"href":"https:\/\/krzysiu.net\/komiks\/wp-json\/wp\/v2\/types\/page"}],"author":[{"embeddable":true,"href":"https:\/\/krzysiu.net\/komiks\/wp-json\/wp\/v2\/users\/1"}],"replies":[{"embeddable":true,"href":"https:\/\/krzysiu.net\/komiks\/wp-json\/wp\/v2\/comments?post=87"}],"version-history":[{"count":8,"href":"https:\/\/krzysiu.net\/komiks\/wp-json\/wp\/v2\/pages\/87\/revisions"}],"predecessor-version":[{"id":100,"href":"https:\/\/krzysiu.net\/komiks\/wp-json\/wp\/v2\/pages\/87\/revisions\/100"}],"wp:attachment":[{"href":"https:\/\/krzysiu.net\/komiks\/wp-json\/wp\/v2\/media?parent=87"}],"curies":[{"name":"wp","href":"https:\/\/api.w.org\/{rel}","templated":true}]}}